{"id":1403,"date":"2025-02-21T16:42:20","date_gmt":"2025-02-21T20:42:20","guid":{"rendered":"https:\/\/fondsclimatmontreal.com\/fonds-deconomie-circulaire\/"},"modified":"2025-03-05T19:23:57","modified_gmt":"2025-03-05T19:23:57","slug":"circular-economy-fund","status":"publish","type":"page","link":"https:\/\/fondsclimatmontreal.com\/en\/circular-economy-fund\/","title":{"rendered":"Circular Economy Fund"},"content":{"rendered":"\n    <section class=\"text-reveal section\">\n        \n<span class=\"anchor || absolute top-0 left-0\" ><\/span>\n        <div class=\"wrapper || flex flex-col gap-8 || lg:grid-col\">\n            <div class=\"flex flex-col gap-6 || lg:col-span-7\">\n                <p class=\"js-text-reveal || font-primary text-[clamp(1.75rem,2.71vw,3.25rem)] font-normal leading-[110%] tracking-normal text-accent\">The Circular Economy Fund (CEF) is a $20 million venture capital investment fund designed to support the emergence of small and medium-sized businesses that adopt business practices rooted in the circular economy, particularly in the agri-food, recycling and eco-construction sectors.<\/p>\n                            <\/div>\n            <span class=\"flex flex-col gap-3 self-center w-full || lg:col-start-9 lg:col-span-4\">\n                                    <div class=\"flex flex-wrap relative border-t border-black\/30\">\n                                                    <p class=\"information || flex flex-col gap-2 relative py-6 text-accent\">\n                                                                    <span class=\"subtitle\">\n                                        Fund size                                    <\/span>\n                                                                                                    <span class=\"body-text\">\n                                        $20M                                    <\/span>\n                                                            <\/p>\n                                                    <p class=\"information || flex flex-col gap-2 relative py-6 text-accent\">\n                                                                    <span class=\"subtitle\">\n                                        Investment                                    <\/span>\n                                                                                                    <span class=\"body-text\">\n                                        $500 000                                    <\/span>\n                                                            <\/p>\n                                                    <p class=\"information || flex flex-col gap-2 relative py-6 text-accent\">\n                                                                    <span class=\"subtitle\">\n                                        Category                                    <\/span>\n                                                                                                    <span class=\"body-text\">\n                                        Circular Economy                                    <\/span>\n                                                            <\/p>\n                                                    <p class=\"information || flex flex-col gap-2 relative py-6 text-accent\">\n                                                                    <span class=\"subtitle\">\n                                        Type                                    <\/span>\n                                                                                                    <span class=\"body-text\">\n                                        Hedge funds                                    <\/span>\n                                                            <\/p>\n                                                    <p class=\"information || flex flex-col gap-2 relative py-6 text-accent\">\n                                                                    <span class=\"subtitle\">\n                                        Organization                                    <\/span>\n                                                                                                    <span class=\"body-text\">\n                                        Fondaction Asset Management                                    <\/span>\n                                                            <\/p>\n                                                    <p class=\"information || flex flex-col gap-2 relative py-6 text-accent\">\n                                                                    <span class=\"subtitle\">\n                                        Year                                    <\/span>\n                                                                                                    <span class=\"body-text\">\n                                        2021                                    <\/span>\n                                                            <\/p>\n                                                    <p class=\"information || flex flex-col gap-2 relative py-6 text-accent\">\n                                                                    <span class=\"subtitle\">\n                                        Status                                    <\/span>\n                                                                                                    <span class=\"body-text\">\n                                        Running                                    <\/span>\n                                                            <\/p>\n                                            <\/div>\n                            <\/span>\n        <\/div>\n    <\/section>\n\n\n\n\n    <section class=\"statistics section || overflow-hidden\">\n        \n<span class=\"anchor || absolute top-0 left-0\" ><\/span>\n        <div class=\"wrapper\">\n            <div class=\"swiper-statistics swiper-container || grid-col\">\n                <div class=\"swiper-wrapper || col-span-full || sm:col-span-6 lg:col-span-5 2xl:col-span-4\">\n                    \n<div class=\"swiper-slide || relative h-full rounded-md overflow-hidden min-h-[31.25rem] after:content-[''] after:absolute after:-right-6 after:top-0 after:w-6 after:h-full || xl:min-h-[37.5rem] 2xl:min-h-[43.75rem]\">\n\n    <span class=\"[&#038;_.parallax-container]:absolute\">\n        <div class=\"parallax-container\">\n    <div class=\"parallax-content\">\n        <img width=\"1024\" height=\"683\" src=\"https:\/\/fondsclimatmontreal.com\/wp-content\/uploads\/2025\/02\/3-LOOP_Fondaction.jpg\" class=\"absolute inset-0 w-full h-full object-cover transition-transform duration-300 ease-[cubic-bezier(0.07,0.67,0.58,1)] [.swiper-slide:hover_&amp;]:scale-105 -z-[1]\" alt=\"&quot;Un panier bleu avec des petites bouteilles recycl\u00e9es de la marque LOOP&quot;\" loading=\"eager\" fetchpriority=\"high\" decoding=\"async\" sizes=\"(max-width: 640px) 100vw, (max-width: 1024px) 50vw, 33vw\" srcset=\"https:\/\/fondsclimatmontreal.com\/wp-content\/uploads\/2025\/02\/3-LOOP_Fondaction-1024x683.jpg 1024w, https:\/\/fondsclimatmontreal.com\/wp-content\/uploads\/2025\/02\/3-LOOP_Fondaction-640x427.jpg 640w\" \/>    <\/div>\n<\/div>    <\/span>\n    <div class=\"absolute inset-0 bg-black\/50 transition-colors duration-300 ease-[cubic-bezier(0.07,0.67,0.58,1)] [.swiper-slide:hover_&#038;]:bg-black\/60 -z-[1]\"><\/div>\n\n    <div class=\"stat || relative flex flex-col justify-between h-full gap-6 p-8 || lg:p-12 2xl:p-16\">\n        <span class=\"flex flex-wrap text-light\">\n                        <h2 class=\"text-h1\">8<\/h2>\n                    <\/span>\n        <div class=\"wysiwyg-container || light\">\n    <p>Investments to date, all sectors combined. *<\/p>\n<p><em>*Data communicated in February 2025.<\/em><\/p>\n<\/div>\n    <\/div>\n\n<\/div>\n<div class=\"swiper-slide || relative h-full rounded-md overflow-hidden min-h-[31.25rem] after:content-[''] after:absolute after:-right-6 after:top-0 after:w-6 after:h-full || xl:min-h-[37.5rem] 2xl:min-h-[43.75rem]\">\n\n    <span class=\"[&#038;_.parallax-container]:absolute\">\n        <div class=\"parallax-container\">\n    <div class=\"parallax-content\">\n        <img width=\"1024\" height=\"713\" src=\"https:\/\/fondsclimatmontreal.com\/wp-content\/uploads\/2025\/02\/4-Fondaction-gestion-actifs.jpg\" class=\"absolute inset-0 w-full h-full object-cover transition-transform duration-300 ease-[cubic-bezier(0.07,0.67,0.58,1)] [.swiper-slide:hover_&amp;]:scale-105 -z-[1]\" alt=\"&quot;Une personne en chemise verte avec des lunettes de s\u00e9curit\u00e9 inspecte des piles de mat\u00e9riaux recyclables compact\u00e9s dans un entrep\u00f4t\" loading=\"eager\" fetchpriority=\"high\" decoding=\"async\" sizes=\"(max-width: 640px) 100vw, (max-width: 1024px) 50vw, 33vw\" srcset=\"https:\/\/fondsclimatmontreal.com\/wp-content\/uploads\/2025\/02\/4-Fondaction-gestion-actifs-1920x1338.jpg 1920w, https:\/\/fondsclimatmontreal.com\/wp-content\/uploads\/2025\/02\/4-Fondaction-gestion-actifs-1024x713.jpg 1024w, https:\/\/fondsclimatmontreal.com\/wp-content\/uploads\/2025\/02\/4-Fondaction-gestion-actifs-640x446.jpg 640w\" \/>    <\/div>\n<\/div>    <\/span>\n    <div class=\"absolute inset-0 bg-black\/50 transition-colors duration-300 ease-[cubic-bezier(0.07,0.67,0.58,1)] [.swiper-slide:hover_&#038;]:bg-black\/60 -z-[1]\"><\/div>\n\n    <div class=\"stat || relative flex flex-col justify-between h-full gap-6 p-8 || lg:p-12 2xl:p-16\">\n        <span class=\"flex flex-wrap text-light\">\n                        <h2 class=\"text-h1\">11 479<\/h2>\n                    <\/span>\n        <div class=\"wysiwyg-container || light\">\n    <p>Tonnes of residual materials diverted since the inception of the fund and up to May 31, 2024.<\/p>\n<\/div>\n    <\/div>\n\n<\/div>\n<div class=\"swiper-slide || relative h-full rounded-md overflow-hidden min-h-[31.25rem] after:content-[''] after:absolute after:-right-6 after:top-0 after:w-6 after:h-full || xl:min-h-[37.5rem] 2xl:min-h-[43.75rem]\">\n\n    <span class=\"[&#038;_.parallax-container]:absolute\">\n        <div class=\"parallax-container\">\n    <div class=\"parallax-content\">\n        <img width=\"1024\" height=\"683\" src=\"https:\/\/fondsclimatmontreal.com\/wp-content\/uploads\/2025\/02\/5-CarbiCrete-Patio-Drummond.jpg\" class=\"absolute inset-0 w-full h-full object-cover transition-transform duration-300 ease-[cubic-bezier(0.07,0.67,0.58,1)] [.swiper-slide:hover_&amp;]:scale-105 -z-[1]\" alt=\"&quot;Un ouvrier de l&#039;usine CarbiCrete-Pation portant un masque et un casque de protection\" loading=\"eager\" fetchpriority=\"high\" decoding=\"async\" sizes=\"(max-width: 640px) 100vw, (max-width: 1024px) 50vw, 33vw\" srcset=\"https:\/\/fondsclimatmontreal.com\/wp-content\/uploads\/2025\/02\/5-CarbiCrete-Patio-Drummond-1920x1280.jpg 1920w, https:\/\/fondsclimatmontreal.com\/wp-content\/uploads\/2025\/02\/5-CarbiCrete-Patio-Drummond-1024x683.jpg 1024w, https:\/\/fondsclimatmontreal.com\/wp-content\/uploads\/2025\/02\/5-CarbiCrete-Patio-Drummond-640x427.jpg 640w\" \/>    <\/div>\n<\/div>    <\/span>\n    <div class=\"absolute inset-0 bg-black\/50 transition-colors duration-300 ease-[cubic-bezier(0.07,0.67,0.58,1)] [.swiper-slide:hover_&#038;]:bg-black\/60 -z-[1]\"><\/div>\n\n    <div class=\"stat || relative flex flex-col justify-between h-full gap-6 p-8 || lg:p-12 2xl:p-16\">\n        <span class=\"flex flex-wrap text-light\">\n                        <h2 class=\"text-h1\">8 416<\/h2>\n                    <\/span>\n        <div class=\"wysiwyg-container || light\">\n    <p>Tons CO\u2082 eq. of GHG avoided since the start of the fund and until May 31, 2024.<\/p>\n<\/div>\n    <\/div>\n\n<\/div>\n<div class=\"swiper-slide || relative h-full rounded-md overflow-hidden min-h-[31.25rem] after:content-[''] after:absolute after:-right-6 after:top-0 after:w-6 after:h-full || xl:min-h-[37.5rem] 2xl:min-h-[43.75rem]\">\n\n    <span class=\"[&#038;_.parallax-container]:absolute\">\n        <div class=\"parallax-container\">\n    <div class=\"parallax-content\">\n        <img width=\"600\" height=\"331\" src=\"https:\/\/fondsclimatmontreal.com\/wp-content\/uploads\/2025\/02\/6-Stillgood.jpg\" class=\"absolute inset-0 w-full h-full object-cover transition-transform duration-300 ease-[cubic-bezier(0.07,0.67,0.58,1)] [.swiper-slide:hover_&amp;]:scale-105 -z-[1]\" alt=\"&quot;Collage de trois images : de l&#039;avoine en boucle dans un bol des plateaux remplis de petits morceaux de p\u00e2te et une personne tenant une bo\u00eete en carton contenant un paquet de biscuits \u00e9tiquet\u00e9 G\u00fc d.&quot;\" loading=\"eager\" fetchpriority=\"high\" decoding=\"async\" sizes=\"(max-width: 640px) 100vw, (max-width: 1024px) 50vw, 33vw\" srcset=\"https:\/\/fondsclimatmontreal.com\/wp-content\/uploads\/2025\/02\/6-Stillgood.jpg 600w, https:\/\/fondsclimatmontreal.com\/wp-content\/uploads\/2025\/02\/6-Stillgood-480x265.jpg 480w, https:\/\/fondsclimatmontreal.com\/wp-content\/uploads\/2025\/02\/6-Stillgood-350x193.jpg 350w, https:\/\/fondsclimatmontreal.com\/wp-content\/uploads\/2025\/02\/6-Stillgood-150x83.jpg 150w\" \/>    <\/div>\n<\/div>    <\/span>\n    <div class=\"absolute inset-0 bg-black\/50 transition-colors duration-300 ease-[cubic-bezier(0.07,0.67,0.58,1)] [.swiper-slide:hover_&#038;]:bg-black\/60 -z-[1]\"><\/div>\n\n    <div class=\"stat || relative flex flex-col justify-between h-full gap-6 p-8 || lg:p-12 2xl:p-16\">\n        <span class=\"flex flex-wrap text-light\">\n                        <h2 class=\"text-h1\">3<\/h2>\n                    <\/span>\n        <div class=\"wysiwyg-container || light\">\n    <p>Target sectors: agrifood, recycling and resource recovery, and eco-construction.<\/p>\n<\/div>\n    <\/div>\n\n<\/div>                <\/div>\n                <div class=\"navigations || flex justify-end mt-12 h-fit [&#038;_button]:p-4 [&#038;_button]:px-5 [&#038;_button]:border [&#038;_button.prev]:border-l-0 [&#038;_button.next]:border-l-0 [&#038;_button]:border-accent [&#038;_button:not(disabled):hover]:bg-dark-background col-span-full || lg:mt-16 lg:[&#038;_button]:p-7 lg:[&#038;_button]:py-[1.625rem]\">\n                    <button class=\"prev || rotate-180 rounded-r-full transition duration-200\"><svg width=\"7\" height=\"12\" viewBox=\"0 0 7 12\" fill=\"none\" xmlns=\"http:\/\/www.w3.org\/2000\/svg\">\n<path d=\"M1 11L6 6L1 1\" stroke=\"#1E5B37\" stroke-width=\"2\" stroke-linecap=\"round\" stroke-linejoin=\"round\"\/>\n<\/svg>\n<\/button>\n                    <button class=\"next || rounded-r-full transition duration-200\"><svg width=\"7\" height=\"12\" viewBox=\"0 0 7 12\" fill=\"none\" xmlns=\"http:\/\/www.w3.org\/2000\/svg\">\n<path d=\"M1 11L6 6L1 1\" stroke=\"#1E5B37\" stroke-width=\"2\" stroke-linecap=\"round\" stroke-linejoin=\"round\"\/>\n<\/svg>\n<\/button>\n                <\/div>\n            <\/div>\n        <\/div>\n    <\/section>\n\n\n\n<section class=\"text-and-image || section\">\n    \n<span class=\"anchor || absolute top-0 left-0\" ><\/span>\n    <div class=\"wrapper || items-center || lg:grid-col\">\n        <div class=\"content || lg:col-start-1 lg:col-span-6 lg:row-start-1\">\n                            <p class=\"subtitle primary || mb-6\">Accelerating the ecological transition<\/p>\n                            <h2 class=\"text-h2 || text-accent mb-6\">Reduce and recycle residual materials<\/h2>\n                        <span class=\"block rounded-md [&#038;_.parallax-container]:rounded-md [&#038;_.parallax-container]:overflow-hidden mb-6 || lg:hidden\">\n                <div class=\"parallax-container\">\n    <div class=\"parallax-content\">\n        <img width=\"1024\" height=\"683\" src=\"https:\/\/fondsclimatmontreal.com\/wp-content\/uploads\/2025\/02\/5-CarbiCrete-Patio-Drummond.jpg\" class=\"parallax-image aspect-square w-full h-full rounded-md\" alt=\"&quot;Un ouvrier de l&#039;usine CarbiCrete-Pation portant un masque et un casque de protection\" loading=\"eager\" fetchpriority=\"high\" decoding=\"async\" sizes=\"100vw\" srcset=\"https:\/\/fondsclimatmontreal.com\/wp-content\/uploads\/2025\/02\/5-CarbiCrete-Patio-Drummond-1920x1280.jpg 1920w, https:\/\/fondsclimatmontreal.com\/wp-content\/uploads\/2025\/02\/5-CarbiCrete-Patio-Drummond-1024x683.jpg 1024w, https:\/\/fondsclimatmontreal.com\/wp-content\/uploads\/2025\/02\/5-CarbiCrete-Patio-Drummond-640x427.jpg 640w\" \/>    <\/div>\n<\/div>            <\/span>\n            <div class=\"wysiwyg-container \">\n    <p>The Circular Economy Fund accelerates the ecological transition in Quebec by reducing residual materials, supporting their recovery and reducing GHG emissions. By focusing on innovation, optimization and collaboration, it finances solutions rooted in the circular economy and encourages exchanges between young start-ups and large corporations.<\/p>\n<p>In particular, the Fund targets the agri-food sector, supporting urban agriculture, short supply chains and the recovery of by-products; in recycling, it finances innovative technologies to reclaim resources; and in eco-construction, it encourages the management of construction residues and eco-design to reduce the use of raw materials and associated emissions.<\/p>\n<p><a class=\"btn-primary bg-primary text-accent\" href=\"https:\/\/www.fondaction.com\/giving-money-meaning\/?utm_source=fondsclimat&amp;utm_medium=weben&amp;utm_campaign=investment\" target=\"target=\"> <span class=\"inline-flex relative overflow-hidden\"> <span class=\"transition-transform duration-200 [.btn-primary:hover_&amp;]:-translate-y-full\">Learn more<\/span> <span class=\"absolute bottom-0 left-0 translate-y-full transition-transform duration-200 [.btn-primary:hover_&amp;]:translate-y-0\">Learn more<\/span> <\/span> <\/a><\/p>\n<\/div>\n        <\/div>\n        <div class=\"lg:col-start-8 mt-8 hidden || lg:block lg:mt-0 lg:col-span-5 lg:row-start-1\">\n            <span class=\"flex flex-col gap-3 rounded-md [&#038;_.parallax-container]:rounded-md [&#038;_.parallax-container]:overflow-hidden\">\n                <div class=\"parallax-container\">\n    <div class=\"parallax-content\">\n        <img width=\"1024\" height=\"683\" src=\"https:\/\/fondsclimatmontreal.com\/wp-content\/uploads\/2025\/02\/5-CarbiCrete-Patio-Drummond.jpg\" class=\"parallax-image aspect-square w-full h-full rounded-md\" alt=\"&quot;Un ouvrier de l&#039;usine CarbiCrete-Pation portant un masque et un casque de protection\" loading=\"eager\" fetchpriority=\"high\" decoding=\"async\" sizes=\"100vw\" srcset=\"https:\/\/fondsclimatmontreal.com\/wp-content\/uploads\/2025\/02\/5-CarbiCrete-Patio-Drummond-1920x1280.jpg 1920w, https:\/\/fondsclimatmontreal.com\/wp-content\/uploads\/2025\/02\/5-CarbiCrete-Patio-Drummond-1024x683.jpg 1024w, https:\/\/fondsclimatmontreal.com\/wp-content\/uploads\/2025\/02\/5-CarbiCrete-Patio-Drummond-640x427.jpg 640w\" \/>    <\/div>\n<\/div>                            <\/span>\n        <\/div>\n    <\/div>\n<\/section>\n\n\n    <section class=\"slider-testimony || section\">\n        \n<span class=\"anchor || absolute top-0 left-0\" ><\/span>\n        <div class=\"wrapper\">\n            \n<div class=\"intro-centered || max-w-[54.0625rem] mx-auto w-full text-center mb-12 || lg:mb-16\">\n            <\/div>\n            <div class=\"flex flex-col p-8 bg-accent\/10 rounded-md gap-8 || lg:flex-row lg:min-h-[31.25rem] 2xl:min-h-[37.5rem] max-sm:p-5\">\n                <div class=\"flex items-center justify-center w-16 h-16 rounded-md bg-primary shrink-0 || lg:w-20 lg:h-20 max-sm:[&#038;_svg]:w-8 max-sm:[&#038;_svg]:h-8\">\n                    <svg width=\"36\" height=\"25\" viewBox=\"0 0 36 25\" fill=\"none\" xmlns=\"http:\/\/www.w3.org\/2000\/svg\">\n<path fill-rule=\"evenodd\" clip-rule=\"evenodd\" d=\"M27.6654 25C26.5185 25 25.4376 24.8176 24.4526 24.4579C23.4267 24.0832 22.5264 23.5238 21.7765 22.7953C20.1766 21.2408 19.3309 18.9688 19.3309 16.2249C19.3309 14.0657 20.8619 10.7102 23.8816 6.25167C26.0892 2.99201 28.3284 0.292448 28.3508 0.26556C28.4906 0.0974331 28.6993 1.90735e-06 28.9195 1.90735e-06H32.0239C32.2953 1.90735e-06 32.5446 0.147575 32.6728 0.383991C32.8009 0.620399 32.7871 0.907286 32.6369 1.13064C30.9017 3.7094 29.1419 6.96474 28.2971 8.57635C30.5151 8.78373 32.3775 9.58961 33.7303 10.9379C34.4755 11.6806 35.0493 12.5697 35.4358 13.5805C35.8102 14.5597 36 15.6299 36 16.7614C36 18.962 35.1331 21.0309 33.5588 22.587C31.9847 24.143 29.8917 25 27.6654 25ZM5.12183 24.4579C4.09593 24.0832 3.19554 23.5238 2.44568 22.7953C0.845757 21.2408 0 18.9688 0 16.2249C0 14.0657 1.53113 10.7102 4.55069 6.25167C6.75835 2.99201 8.99764 0.292448 9.01999 0.26556C9.15982 0.0974331 9.36843 1.90735e-06 9.58862 1.90735e-06H12.6932C12.9645 1.90735e-06 13.2138 0.147575 13.3419 0.383991C13.4701 0.620399 13.4563 0.907286 13.3061 1.13064C11.5708 3.7094 9.81104 6.96474 8.96622 8.57635C11.1843 8.78373 13.0466 9.58961 14.3995 10.9379C15.1447 11.6806 15.7185 12.5697 16.1049 13.5805C16.4794 14.5597 16.6692 15.6299 16.6692 16.7614C16.6692 18.962 15.8022 21.0309 14.228 22.587C12.6538 24.143 10.5608 25 8.33462 25C7.18766 25 6.10676 24.8176 5.12183 24.4579Z\" fill=\"#1E5B37\"\/>\n<\/svg>\n                <\/div>\n                <div class=\"content-slider swiper-container || flex flex-col overflow-hidden\">\n                    <div class=\"swiper-wrapper\">\n                        \n<div class=\"swiper-slide || !flex flex-col justify-between !h-auto\">\n    <div class=\"wysiwyg-container || prose-p:!text-h4 max-w-[61.875rem] max-sm:prose-p:!text-[21px]\">\n    <p>Our ambition is to profoundly transform the economy. It is by developing innovative initiatives like the Circular Economy Fund that we support this transformation, with the help of community and financial partners such as the Greater Montreal Climate Fund. With the fund, we make it possible for innovative business models and sustainable projects to emerge that meet real social or environmental needs and help accelerate the emergence of a circular economy.<\/p>\n<\/div>\n    <div class=\"flex mt-6\">\n        <div class=\"shrink-0 thumbnail aspect-square w-20 h-20 rounded-md || sm:w-[6.25rem] sm:h-[6.25rem]\">\n            <div class=\"parallax-container\">\n    <div class=\"parallax-content\">\n        <img width=\"768\" height=\"1024\" src=\"https:\/\/fondsclimatmontreal.com\/wp-content\/uploads\/2025\/02\/2021_Philippe_Crete_DG-investissement_Fondaction-scaled.jpg\" class=\"Quoted person&#039;s image\" alt=\"&quot;Photo de Philippe Crete\" loading=\"eager\" fetchpriority=\"high\" decoding=\"async\" sizes=\"100vw\" srcset=\"https:\/\/fondsclimatmontreal.com\/wp-content\/uploads\/2025\/02\/2021_Philippe_Crete_DG-investissement_Fondaction-1920x2561.jpg 1920w, https:\/\/fondsclimatmontreal.com\/wp-content\/uploads\/2025\/02\/2021_Philippe_Crete_DG-investissement_Fondaction-1024x1366.jpg 1024w, https:\/\/fondsclimatmontreal.com\/wp-content\/uploads\/2025\/02\/2021_Philippe_Crete_DG-investissement_Fondaction-640x854.jpg 640w\" \/>    <\/div>\n<\/div>        <\/div>\n        <div class=\"flex flex-col justify-center ml-4\">\n                            <h3 class=\"text-h5 || text-accent\">Philippe Cr\u00eate<\/h3>\n                            <p class=\"surtitle || !text-accent font-bold\">Managing Director, Investment, Fondaction Asset Management<\/p>\n                    <\/div>\n    <\/div>\n<\/div>\n                    <\/div>\n                <\/div>\n                <div class=\"media-slider-navigation || flex items-end\">\n                    <div class=\"navigations || flex items-end border border-accent divide-x divide-accent rounded-full overflow-hidden\">\n                        <button class=\"left-swiper-button || [&#038;_svg]:w-2.5 [&#038;_svg_path]:transition p-5 flex justify-center items-center transition hover:bg-accent [&#038;:hover_svg_path]:[stroke:white] -rotate-180 || lg:p-6 2xl:p-7\"><svg width=\"7\" height=\"12\" viewBox=\"0 0 7 12\" fill=\"none\" xmlns=\"http:\/\/www.w3.org\/2000\/svg\">\n<path d=\"M1 11L6 6L1 1\" stroke=\"#1E5B37\" stroke-width=\"2\" stroke-linecap=\"round\" stroke-linejoin=\"round\"\/>\n<\/svg>\n<\/button>\n                        <button class=\"right-swiper-button || [&#038;_svg]:w-2.5 [&#038;_svg_path]:transition p-5 flex justify-center items-center transition hover:bg-accent [&#038;:hover_svg_path]:[stroke:white] || lg:p-6 2xl:p-7\"><svg width=\"7\" height=\"12\" viewBox=\"0 0 7 12\" fill=\"none\" xmlns=\"http:\/\/www.w3.org\/2000\/svg\">\n<path d=\"M1 11L6 6L1 1\" stroke=\"#1E5B37\" stroke-width=\"2\" stroke-linecap=\"round\" stroke-linejoin=\"round\"\/>\n<\/svg>\n<\/button>\n                    <\/div>\n                <\/div>\n            <\/div>\n        <\/div>\n    <\/section>\n\n\n    <section class=\"cta-simple-centered || py-16 || flex items-center justify-center overflow-hidden max-w-none bg-accent relative min-h-[28.125rem] || sm:min-h-[31.25rem] md:min-h-[37.5rem] xl:min-h-[43.75rem] 2xl:min-h-[50rem]\">\n        \n<span class=\"anchor || absolute top-0 left-0\" ><\/span>\n                    <div class=\"absolute top-0 left-0 w-full h-full\">\n                <img decoding=\"async\" class=\"w-full h-full object-cover\" src=\"https:\/\/fondsclimatmontreal.com\/wp-content\/themes\/fondscl\/assets\/png\/circles.png\" alt=\"circles\" loading=\"lazy\">\n            <\/div>\n                <div class=\"wrapper || relative z-20 flex flex-col self-center text-center || lg:grid-col\">\n            <div class=\"wysiwyg-container || col-start-4 light col-span-6\">\n    <h2>Looking for financing?<\/h2>\n<p><a class=\"btn-primary bg-primary text-accent\" href=\"https:\/\/fondsclimatmontreal.com\/en\/contact-us\/\" target=\"\"> <span class=\"inline-flex relative overflow-hidden\"> <span class=\"transition-transform duration-200 [.btn-primary:hover_&amp;]:-translate-y-full\">Contact us<\/span> <span class=\"absolute bottom-0 left-0 translate-y-full transition-transform duration-200 [.btn-primary:hover_&amp;]:translate-y-0\">Contact us<\/span> <\/span> <\/a><\/p>\n<\/div>\n                    <\/div>\n    <\/section>\n","protected":false},"excerpt":{"rendered":"","protected":false},"author":1,"featured_media":1129,"parent":0,"menu_order":0,"comment_status":"closed","ping_status":"closed","template":"","meta":{"_acf_changed":true,"footnotes":""},"class_list":["post-1403","page","type-page","status-publish","has-post-thumbnail","hentry"],"acf":[],"_links":{"self":[{"href":"https:\/\/fondsclimatmontreal.com\/en\/wp-json\/wp\/v2\/pages\/1403","targetHints":{"allow":["GET"]}}],"collection":[{"href":"https:\/\/fondsclimatmontreal.com\/en\/wp-json\/wp\/v2\/pages"}],"about":[{"href":"https:\/\/fondsclimatmontreal.com\/en\/wp-json\/wp\/v2\/types\/page"}],"author":[{"embeddable":true,"href":"https:\/\/fondsclimatmontreal.com\/en\/wp-json\/wp\/v2\/users\/1"}],"replies":[{"embeddable":true,"href":"https:\/\/fondsclimatmontreal.com\/en\/wp-json\/wp\/v2\/comments?post=1403"}],"version-history":[{"count":0,"href":"https:\/\/fondsclimatmontreal.com\/en\/wp-json\/wp\/v2\/pages\/1403\/revisions"}],"wp:featuredmedia":[{"embeddable":true,"href":"https:\/\/fondsclimatmontreal.com\/en\/wp-json\/wp\/v2\/media\/1129"}],"wp:attachment":[{"href":"https:\/\/fondsclimatmontreal.com\/en\/wp-json\/wp\/v2\/media?parent=1403"}],"curies":[{"name":"wp","href":"https:\/\/api.w.org\/{rel}","templated":true}]}}