{"id":2707,"date":"2025-03-05T20:32:41","date_gmt":"2025-03-05T20:32:41","guid":{"rendered":"https:\/\/fondsclimatmontreal.com\/brookfield-global-transition-fund\/"},"modified":"2025-03-05T20:39:29","modified_gmt":"2025-03-05T20:39:29","slug":"brookfield-global-transition-fund-en","status":"publish","type":"page","link":"https:\/\/fondsclimatmontreal.com\/en\/brookfield-global-transition-fund-en\/","title":{"rendered":"Brookfield Global Transition Fund"},"content":{"rendered":"\n    <section class=\"text-reveal section\">\n        \n<span class=\"anchor || absolute top-0 left-0\" ><\/span>\n        <div class=\"wrapper || flex flex-col gap-8 || lg:grid-col\">\n            <div class=\"flex flex-col gap-6 || lg:col-span-7\">\n                <p class=\"js-text-reveal || font-primary text-[clamp(1.75rem,2.71vw,3.25rem)] font-normal leading-[110%] tracking-normal text-accent\">Brookfield Global Transition Fund is Brookfield&#8217;s first impact fund focused on investments that accelerate the global transition to a net-zero economy, while offering investors solid risk-adjusted returns.<\/p>\n                            <\/div>\n            <span class=\"flex flex-col gap-3 self-center w-full || lg:col-start-9 lg:col-span-4\">\n                                    <div class=\"flex flex-wrap relative border-t border-black\/30\">\n                                                    <p class=\"information || flex flex-col gap-2 relative py-6 text-accent\">\n                                                                    <span class=\"subtitle\">\n                                        Fund size                                    <\/span>\n                                                                                                    <span class=\"body-text\">\n                                        $15B                                    <\/span>\n                                                            <\/p>\n                                                    <p class=\"information || flex flex-col gap-2 relative py-6 text-accent\">\n                                                                    <span class=\"subtitle\">\n                                        Investment                                    <\/span>\n                                                                                                    <span class=\"body-text\">\n                                        $3,25M                                    <\/span>\n                                                            <\/p>\n                                                    <p class=\"information || flex flex-col gap-2 relative py-6 text-accent\">\n                                                                    <span class=\"subtitle\">\n                                        Category                                    <\/span>\n                                                                                                    <span class=\"body-text\">\n                                        Net-zero Economy                                    <\/span>\n                                                            <\/p>\n                                                    <p class=\"information || flex flex-col gap-2 relative py-6 text-accent\">\n                                                                    <span class=\"subtitle\">\n                                        Type                                    <\/span>\n                                                                                                    <span class=\"body-text\">\n                                        Hedge fund                                    <\/span>\n                                                            <\/p>\n                                                    <p class=\"information || flex flex-col gap-2 relative py-6 text-accent\">\n                                                                    <span class=\"subtitle\">\n                                        Organization                                    <\/span>\n                                                                                                    <span class=\"body-text\">\n                                        Brookfield                                    <\/span>\n                                                            <\/p>\n                                                    <p class=\"information || flex flex-col gap-2 relative py-6 text-accent\">\n                                                                    <span class=\"subtitle\">\n                                        Year                                    <\/span>\n                                                                                                    <span class=\"body-text\">\n                                        2023                                    <\/span>\n                                                            <\/p>\n                                                    <p class=\"information || flex flex-col gap-2 relative py-6 text-accent\">\n                                                                    <span class=\"subtitle\">\n                                        Status                                    <\/span>\n                                                                                                    <span class=\"body-text\">\n                                        In progess                                    <\/span>\n                                                            <\/p>\n                                            <\/div>\n                            <\/span>\n        <\/div>\n    <\/section>\n\n\n\n\n    <section class=\"statistics section || overflow-hidden\">\n        \n<span class=\"anchor || absolute top-0 left-0\" ><\/span>\n        <div class=\"wrapper\">\n            <div class=\"swiper-statistics swiper-container || grid-col\">\n                <div class=\"swiper-wrapper || col-span-full || sm:col-span-6 lg:col-span-5 2xl:col-span-4\">\n                    \n<div class=\"swiper-slide || relative h-full rounded-md overflow-hidden min-h-[31.25rem] after:content-[''] after:absolute after:-right-6 after:top-0 after:w-6 after:h-full || xl:min-h-[37.5rem] 2xl:min-h-[43.75rem]\">\n\n    <span class=\"[&#038;_.parallax-container]:absolute\">\n        <div class=\"parallax-container\">\n    <div class=\"parallax-content\">\n        <img width=\"1024\" height=\"767\" src=\"https:\/\/fondsclimatmontreal.com\/wp-content\/uploads\/2025\/03\/Brookfield-BGTF-3.jpg\" class=\"absolute inset-0 w-full h-full object-cover transition-transform duration-300 ease-[cubic-bezier(0.07,0.67,0.58,1)] [.swiper-slide:hover_&amp;]:scale-105 -z-[1]\" alt=\"Champ de panneau solaire\" loading=\"eager\" fetchpriority=\"high\" decoding=\"async\" sizes=\"(max-width: 640px) 100vw, (max-width: 1024px) 50vw, 33vw\" srcset=\"https:\/\/fondsclimatmontreal.com\/wp-content\/uploads\/2025\/03\/Brookfield-BGTF-3-1920x1439.jpg 1920w, https:\/\/fondsclimatmontreal.com\/wp-content\/uploads\/2025\/03\/Brookfield-BGTF-3-1024x767.jpg 1024w, https:\/\/fondsclimatmontreal.com\/wp-content\/uploads\/2025\/03\/Brookfield-BGTF-3-640x480.jpg 640w\" \/>    <\/div>\n<\/div>    <\/span>\n    <div class=\"absolute inset-0 bg-black\/50 transition-colors duration-300 ease-[cubic-bezier(0.07,0.67,0.58,1)] [.swiper-slide:hover_&#038;]:bg-black\/60 -z-[1]\"><\/div>\n\n    <div class=\"stat || relative flex flex-col justify-between h-full gap-6 p-8 || lg:p-12 2xl:p-16\">\n        <span class=\"flex flex-wrap text-light\">\n                            <span class=\"text-h2 || self-center\">~<\/span>\n                        <h2 class=\"text-h1\">46<\/h2>\n                            <span class=\"text-h2 || self-end leading-[135%]\">GW<\/span>\n                    <\/span>\n        <div class=\"wysiwyg-container || light\">\n    <p>Operating assets currently avoiding 58M tCO2e per annum (as of Q4 2024).<\/p>\n<\/div>\n    <\/div>\n\n<\/div>\n<div class=\"swiper-slide || relative h-full rounded-md overflow-hidden min-h-[31.25rem] after:content-[''] after:absolute after:-right-6 after:top-0 after:w-6 after:h-full || xl:min-h-[37.5rem] 2xl:min-h-[43.75rem]\">\n\n    <span class=\"[&#038;_.parallax-container]:absolute\">\n        <div class=\"parallax-container\">\n    <div class=\"parallax-content\">\n        <img width=\"1024\" height=\"683\" src=\"https:\/\/fondsclimatmontreal.com\/wp-content\/uploads\/2025\/03\/Brookfield-BGTF-4.jpg\" class=\"absolute inset-0 w-full h-full object-cover transition-transform duration-300 ease-[cubic-bezier(0.07,0.67,0.58,1)] [.swiper-slide:hover_&amp;]:scale-105 -z-[1]\" alt=\"Champs d&#039;\u00e9oilenne\" loading=\"eager\" fetchpriority=\"high\" decoding=\"async\" sizes=\"(max-width: 640px) 100vw, (max-width: 1024px) 50vw, 33vw\" srcset=\"https:\/\/fondsclimatmontreal.com\/wp-content\/uploads\/2025\/03\/Brookfield-BGTF-4-1920x1280.jpg 1920w, https:\/\/fondsclimatmontreal.com\/wp-content\/uploads\/2025\/03\/Brookfield-BGTF-4-1024x683.jpg 1024w, https:\/\/fondsclimatmontreal.com\/wp-content\/uploads\/2025\/03\/Brookfield-BGTF-4-640x427.jpg 640w\" \/>    <\/div>\n<\/div>    <\/span>\n    <div class=\"absolute inset-0 bg-black\/50 transition-colors duration-300 ease-[cubic-bezier(0.07,0.67,0.58,1)] [.swiper-slide:hover_&#038;]:bg-black\/60 -z-[1]\"><\/div>\n\n    <div class=\"stat || relative flex flex-col justify-between h-full gap-6 p-8 || lg:p-12 2xl:p-16\">\n        <span class=\"flex flex-wrap text-light\">\n                            <span class=\"text-h2 || self-center\">~<\/span>\n                        <h2 class=\"text-h1\">200<\/h2>\n                            <span class=\"text-h2 || self-end leading-[135%]\">GW<\/span>\n                    <\/span>\n        <div class=\"wysiwyg-container || light\">\n    <p>Development assets with the potential to avoid 206M tCO2e (as of Q4 2024).<\/p>\n<\/div>\n    <\/div>\n\n<\/div>\n<div class=\"swiper-slide || relative h-full rounded-md overflow-hidden min-h-[31.25rem] after:content-[''] after:absolute after:-right-6 after:top-0 after:w-6 after:h-full || xl:min-h-[37.5rem] 2xl:min-h-[43.75rem]\">\n\n    <span class=\"[&#038;_.parallax-container]:absolute\">\n        <div class=\"parallax-container\">\n    <div class=\"parallax-content\">\n        <img width=\"1024\" height=\"682\" src=\"https:\/\/fondsclimatmontreal.com\/wp-content\/uploads\/2025\/03\/Brookfield-BGTF-5.jpg\" class=\"absolute inset-0 w-full h-full object-cover transition-transform duration-300 ease-[cubic-bezier(0.07,0.67,0.58,1)] [.swiper-slide:hover_&amp;]:scale-105 -z-[1]\" alt=\"Champ de panneau solaire pour la g\u00e9n\u00e9ration d&#039;\u00e9lectricit\u00e9 propre\" loading=\"eager\" fetchpriority=\"high\" decoding=\"async\" sizes=\"(max-width: 640px) 100vw, (max-width: 1024px) 50vw, 33vw\" srcset=\"https:\/\/fondsclimatmontreal.com\/wp-content\/uploads\/2025\/03\/Brookfield-BGTF-5-1920x1279.jpg 1920w, https:\/\/fondsclimatmontreal.com\/wp-content\/uploads\/2025\/03\/Brookfield-BGTF-5-1024x682.jpg 1024w, https:\/\/fondsclimatmontreal.com\/wp-content\/uploads\/2025\/03\/Brookfield-BGTF-5-640x426.jpg 640w\" \/>    <\/div>\n<\/div>    <\/span>\n    <div class=\"absolute inset-0 bg-black\/50 transition-colors duration-300 ease-[cubic-bezier(0.07,0.67,0.58,1)] [.swiper-slide:hover_&#038;]:bg-black\/60 -z-[1]\"><\/div>\n\n    <div class=\"stat || relative flex flex-col justify-between h-full gap-6 p-8 || lg:p-12 2xl:p-16\">\n        <span class=\"flex flex-wrap text-light\">\n                            <span class=\"text-h2 || self-center\">~<\/span>\n                        <h2 class=\"text-h1\">5<\/h2>\n                            <span class=\"text-h2 || self-end leading-[135%]\">GW<\/span>\n                    <\/span>\n        <div class=\"wysiwyg-container || light\">\n    <p>Commissioned new clean energy capacity in 2023.<\/p>\n<\/div>\n    <\/div>\n\n<\/div>                <\/div>\n                <div class=\"navigations || flex justify-end mt-12 h-fit [&#038;_button]:p-4 [&#038;_button]:px-5 [&#038;_button]:border [&#038;_button.prev]:border-l-0 [&#038;_button.next]:border-l-0 [&#038;_button]:border-accent [&#038;_button:not(disabled):hover]:bg-dark-background col-span-full || lg:mt-16 lg:[&#038;_button]:p-7 lg:[&#038;_button]:py-[1.625rem]\">\n                    <button class=\"prev || rotate-180 rounded-r-full transition duration-200\"><svg width=\"7\" height=\"12\" viewBox=\"0 0 7 12\" fill=\"none\" xmlns=\"http:\/\/www.w3.org\/2000\/svg\">\n<path d=\"M1 11L6 6L1 1\" stroke=\"#1E5B37\" stroke-width=\"2\" stroke-linecap=\"round\" stroke-linejoin=\"round\"\/>\n<\/svg>\n<\/button>\n                    <button class=\"next || rounded-r-full transition duration-200\"><svg width=\"7\" height=\"12\" viewBox=\"0 0 7 12\" fill=\"none\" xmlns=\"http:\/\/www.w3.org\/2000\/svg\">\n<path d=\"M1 11L6 6L1 1\" stroke=\"#1E5B37\" stroke-width=\"2\" stroke-linecap=\"round\" stroke-linejoin=\"round\"\/>\n<\/svg>\n<\/button>\n                <\/div>\n            <\/div>\n        <\/div>\n    <\/section>\n\n\n\n<section class=\"text-and-image || section\">\n    \n<span class=\"anchor || absolute top-0 left-0\" ><\/span>\n    <div class=\"wrapper || items-center || lg:grid-col\">\n        <div class=\"content || lg:col-start-1 lg:col-span-6 lg:row-start-1\">\n                            <p class=\"subtitle primary || mb-6\">Net-zero economy<\/p>\n                            <h2 class=\"text-h2 || text-accent mb-6\">Accelerate the global transition<\/h2>\n                        <span class=\"block rounded-md [&#038;_.parallax-container]:rounded-md [&#038;_.parallax-container]:overflow-hidden mb-6 || lg:hidden\">\n                <div class=\"parallax-container\">\n    <div class=\"parallax-content\">\n        <img width=\"1024\" height=\"683\" src=\"https:\/\/fondsclimatmontreal.com\/wp-content\/uploads\/2025\/03\/Brookfield-BGTF-2.jpg\" class=\"parallax-image aspect-square w-full h-full rounded-md\" alt=\"Barrage hydro\u00e9lectrique brookfield\" loading=\"eager\" fetchpriority=\"high\" decoding=\"async\" sizes=\"100vw\" srcset=\"https:\/\/fondsclimatmontreal.com\/wp-content\/uploads\/2025\/03\/Brookfield-BGTF-2-1920x1280.jpg 1920w, https:\/\/fondsclimatmontreal.com\/wp-content\/uploads\/2025\/03\/Brookfield-BGTF-2-1024x683.jpg 1024w, https:\/\/fondsclimatmontreal.com\/wp-content\/uploads\/2025\/03\/Brookfield-BGTF-2-640x427.jpg 640w\" \/>    <\/div>\n<\/div>            <\/span>\n            <div class=\"wysiwyg-container \">\n    <p>Brookfield Global Transition Fund\u2019s investment strategy is focused on providing meaningful impact and generating risk-adjusted returns by expanding clean energy production providing and scaling proven decarbonization solutions to transform carbon-intensive businesses.<\/p>\n<p><a class=\"btn-primary bg-primary text-accent\" href=\"https:\/\/www.brookfield.com\/?utm_source=fondsclimat&amp;utm_medium=weben&amp;utm_campaign=investment\" target=\"target=\"> <span class=\"inline-flex relative overflow-hidden\"> <span class=\"transition-transform duration-200 [.btn-primary:hover_&amp;]:-translate-y-full\">Learn more<\/span> <span class=\"absolute bottom-0 left-0 translate-y-full transition-transform duration-200 [.btn-primary:hover_&amp;]:translate-y-0\">Learn more<\/span> <\/span> <\/a><\/p>\n<\/div>\n        <\/div>\n        <div class=\"lg:col-start-8 mt-8 hidden || lg:block lg:mt-0 lg:col-span-5 lg:row-start-1\">\n            <span class=\"flex flex-col gap-3 rounded-md [&#038;_.parallax-container]:rounded-md [&#038;_.parallax-container]:overflow-hidden\">\n                <div class=\"parallax-container\">\n    <div class=\"parallax-content\">\n        <img width=\"1024\" height=\"683\" src=\"https:\/\/fondsclimatmontreal.com\/wp-content\/uploads\/2025\/03\/Brookfield-BGTF-2.jpg\" class=\"parallax-image aspect-square w-full h-full rounded-md\" alt=\"Barrage hydro\u00e9lectrique brookfield\" loading=\"eager\" fetchpriority=\"high\" decoding=\"async\" sizes=\"100vw\" srcset=\"https:\/\/fondsclimatmontreal.com\/wp-content\/uploads\/2025\/03\/Brookfield-BGTF-2-1920x1280.jpg 1920w, https:\/\/fondsclimatmontreal.com\/wp-content\/uploads\/2025\/03\/Brookfield-BGTF-2-1024x683.jpg 1024w, https:\/\/fondsclimatmontreal.com\/wp-content\/uploads\/2025\/03\/Brookfield-BGTF-2-640x427.jpg 640w\" \/>    <\/div>\n<\/div>                            <\/span>\n        <\/div>\n    <\/div>\n<\/section>\n\n\n    <section class=\"slider-testimony || section\">\n        \n<span class=\"anchor || absolute top-0 left-0\" ><\/span>\n        <div class=\"wrapper\">\n            \n<div class=\"intro-centered || max-w-[54.0625rem] mx-auto w-full text-center mb-12 || lg:mb-16\">\n            <p class=\"subtitle primary || mx-auto\">Quote<\/p>\n                <h2 class=\"text-h2 || text-accent mt-6\">Quote from the Brookfield team<\/h2>\n        <\/div>\n            <div class=\"flex flex-col p-8 bg-accent\/10 rounded-md gap-8 || lg:flex-row lg:min-h-[31.25rem] 2xl:min-h-[37.5rem] max-sm:p-5\">\n                <div class=\"flex items-center justify-center w-16 h-16 rounded-md bg-primary shrink-0 || lg:w-20 lg:h-20 max-sm:[&#038;_svg]:w-8 max-sm:[&#038;_svg]:h-8\">\n                    <svg width=\"36\" height=\"25\" viewBox=\"0 0 36 25\" fill=\"none\" xmlns=\"http:\/\/www.w3.org\/2000\/svg\">\n<path fill-rule=\"evenodd\" clip-rule=\"evenodd\" d=\"M27.6654 25C26.5185 25 25.4376 24.8176 24.4526 24.4579C23.4267 24.0832 22.5264 23.5238 21.7765 22.7953C20.1766 21.2408 19.3309 18.9688 19.3309 16.2249C19.3309 14.0657 20.8619 10.7102 23.8816 6.25167C26.0892 2.99201 28.3284 0.292448 28.3508 0.26556C28.4906 0.0974331 28.6993 1.90735e-06 28.9195 1.90735e-06H32.0239C32.2953 1.90735e-06 32.5446 0.147575 32.6728 0.383991C32.8009 0.620399 32.7871 0.907286 32.6369 1.13064C30.9017 3.7094 29.1419 6.96474 28.2971 8.57635C30.5151 8.78373 32.3775 9.58961 33.7303 10.9379C34.4755 11.6806 35.0493 12.5697 35.4358 13.5805C35.8102 14.5597 36 15.6299 36 16.7614C36 18.962 35.1331 21.0309 33.5588 22.587C31.9847 24.143 29.8917 25 27.6654 25ZM5.12183 24.4579C4.09593 24.0832 3.19554 23.5238 2.44568 22.7953C0.845757 21.2408 0 18.9688 0 16.2249C0 14.0657 1.53113 10.7102 4.55069 6.25167C6.75835 2.99201 8.99764 0.292448 9.01999 0.26556C9.15982 0.0974331 9.36843 1.90735e-06 9.58862 1.90735e-06H12.6932C12.9645 1.90735e-06 13.2138 0.147575 13.3419 0.383991C13.4701 0.620399 13.4563 0.907286 13.3061 1.13064C11.5708 3.7094 9.81104 6.96474 8.96622 8.57635C11.1843 8.78373 13.0466 9.58961 14.3995 10.9379C15.1447 11.6806 15.7185 12.5697 16.1049 13.5805C16.4794 14.5597 16.6692 15.6299 16.6692 16.7614C16.6692 18.962 15.8022 21.0309 14.228 22.587C12.6538 24.143 10.5608 25 8.33462 25C7.18766 25 6.10676 24.8176 5.12183 24.4579Z\" fill=\"#1E5B37\"\/>\n<\/svg>\n                <\/div>\n                <div class=\"content-slider swiper-container || flex flex-col overflow-hidden\">\n                    <div class=\"swiper-wrapper\">\n                        \n<div class=\"swiper-slide || !flex flex-col justify-between !h-auto\">\n    <div class=\"wysiwyg-container || prose-p:!text-h4 max-w-[61.875rem] max-sm:prose-p:!text-[21px]\">\n    <p>Brookfield is committed to accelerating the net-zero transition and is thrilled to partner with like-minded partner like the Greater Montreal Climate Fund to drive meaningful, positive impact and generate risk-adjusted returns.<\/p>\n<\/div>\n    <div class=\"flex mt-6\">\n        <div class=\"shrink-0 thumbnail aspect-square w-20 h-20 rounded-md || sm:w-[6.25rem] sm:h-[6.25rem]\">\n            <div class=\"parallax-container\">\n    <div class=\"parallax-content\">\n        <img width=\"388\" height=\"358\" src=\"https:\/\/fondsclimatmontreal.com\/wp-content\/uploads\/2025\/03\/Amanda-Laszutko_Corporate-Headshot-1.jpg\" class=\"Quoted person&#039;s image\" alt=\"Protrait Amanda Laszutko\" loading=\"eager\" fetchpriority=\"high\" decoding=\"async\" sizes=\"100vw\" srcset=\"https:\/\/fondsclimatmontreal.com\/wp-content\/uploads\/2025\/03\/Amanda-Laszutko_Corporate-Headshot-1.jpg 388w, https:\/\/fondsclimatmontreal.com\/wp-content\/uploads\/2025\/03\/Amanda-Laszutko_Corporate-Headshot-1-350x323.jpg 350w, https:\/\/fondsclimatmontreal.com\/wp-content\/uploads\/2025\/03\/Amanda-Laszutko_Corporate-Headshot-1-150x138.jpg 150w\" \/>    <\/div>\n<\/div>        <\/div>\n        <div class=\"flex flex-col justify-center ml-4\">\n                            <h3 class=\"text-h5 || text-accent\">Amanda Laszutko<\/h3>\n                            <p class=\"surtitle || !text-accent font-bold\">Head of Strategic Initiatives, Brookfield Renewable and Transition Group<\/p>\n                    <\/div>\n    <\/div>\n<\/div>\n                    <\/div>\n                <\/div>\n                <div class=\"media-slider-navigation || flex items-end\">\n                    <div class=\"navigations || flex items-end border border-accent divide-x divide-accent rounded-full overflow-hidden\">\n                        <button class=\"left-swiper-button || [&#038;_svg]:w-2.5 [&#038;_svg_path]:transition p-5 flex justify-center items-center transition hover:bg-accent [&#038;:hover_svg_path]:[stroke:white] -rotate-180 || lg:p-6 2xl:p-7\"><svg width=\"7\" height=\"12\" viewBox=\"0 0 7 12\" fill=\"none\" xmlns=\"http:\/\/www.w3.org\/2000\/svg\">\n<path d=\"M1 11L6 6L1 1\" stroke=\"#1E5B37\" stroke-width=\"2\" stroke-linecap=\"round\" stroke-linejoin=\"round\"\/>\n<\/svg>\n<\/button>\n                        <button class=\"right-swiper-button || [&#038;_svg]:w-2.5 [&#038;_svg_path]:transition p-5 flex justify-center items-center transition hover:bg-accent [&#038;:hover_svg_path]:[stroke:white] || lg:p-6 2xl:p-7\"><svg width=\"7\" height=\"12\" viewBox=\"0 0 7 12\" fill=\"none\" xmlns=\"http:\/\/www.w3.org\/2000\/svg\">\n<path d=\"M1 11L6 6L1 1\" stroke=\"#1E5B37\" stroke-width=\"2\" stroke-linecap=\"round\" stroke-linejoin=\"round\"\/>\n<\/svg>\n<\/button>\n                    <\/div>\n                <\/div>\n            <\/div>\n        <\/div>\n    <\/section>\n","protected":false},"excerpt":{"rendered":"","protected":false},"author":2,"featured_media":2430,"parent":0,"menu_order":0,"comment_status":"closed","ping_status":"closed","template":"","meta":{"_acf_changed":true,"footnotes":""},"class_list":["post-2707","page","type-page","status-publish","has-post-thumbnail","hentry"],"acf":[],"_links":{"self":[{"href":"https:\/\/fondsclimatmontreal.com\/en\/wp-json\/wp\/v2\/pages\/2707","targetHints":{"allow":["GET"]}}],"collection":[{"href":"https:\/\/fondsclimatmontreal.com\/en\/wp-json\/wp\/v2\/pages"}],"about":[{"href":"https:\/\/fondsclimatmontreal.com\/en\/wp-json\/wp\/v2\/types\/page"}],"author":[{"embeddable":true,"href":"https:\/\/fondsclimatmontreal.com\/en\/wp-json\/wp\/v2\/users\/2"}],"replies":[{"embeddable":true,"href":"https:\/\/fondsclimatmontreal.com\/en\/wp-json\/wp\/v2\/comments?post=2707"}],"version-history":[{"count":0,"href":"https:\/\/fondsclimatmontreal.com\/en\/wp-json\/wp\/v2\/pages\/2707\/revisions"}],"wp:featuredmedia":[{"embeddable":true,"href":"https:\/\/fondsclimatmontreal.com\/en\/wp-json\/wp\/v2\/media\/2430"}],"wp:attachment":[{"href":"https:\/\/fondsclimatmontreal.com\/en\/wp-json\/wp\/v2\/media?parent=2707"}],"curies":[{"name":"wp","href":"https:\/\/api.w.org\/{rel}","templated":true}]}}