{"id":935,"date":"2025-02-10T15:35:47","date_gmt":"2025-02-10T19:35:47","guid":{"rendered":"https:\/\/fondsclimatmontreal.com\/carriere\/"},"modified":"2026-03-28T06:55:15","modified_gmt":"2026-03-28T10:55:15","slug":"career","status":"publish","type":"page","link":"https:\/\/fondsclimatmontreal.com\/en\/career\/","title":{"rendered":"Career"},"content":{"rendered":"    <section class=\"faq || section\">\n        \n<span class=\"anchor || absolute top-0 left-0\"  id=\"Offers\" ><\/span>\n        <div class=\"wrapper || 2xl:grid-col\">\n            <div class=\"lg:col-span-10 lg:col-start-2\">\n                \n<div class=\"intro-offset || flex flex-col gap-y-6 mb-12 || lg:grid-col lg:grid-rows-[auto_1fr] lg:mb-16\">\n    <div class=\"flex flex-col gap-y-6 || lg:grid lg:grid-rows-subgrid lg:row-span-2 lg:col-span-6 2xl:col-span-5\">\n                    <p class=\"subtitle primary || h-fit row-start-1\">Job offers<\/p>\n                            <h2 class=\"text-h2 || text-accent row-start-2\">We don&#8217;t have any job openings at the moment, but you&#8217;re always welcome to submit a speculative application! <\/h2>\n            <\/div>\n    <\/div>\n                <div class=\"accordions-container\">\n                    \n<div class=\"accordion || js-accordion-parent accordion-section || border-b border-dark\/20 first:border-t\">\n    <div class=\"js-accordion-trigger || group || relative flex flex-col py-6 cursor-pointer || sm:flex-row sm:items-center\">\n        <h3 class=\"text-h5 pr-16 group-hover:text-accent transition-colors duration-200 || sm:pr-20 max-md:text-[20px]\">Spontaneous application<\/h3>\n        <div class=\"js-accordion-arrow || absolute right-0 top-1\/2 -translate-y-1\/2 flex items-center justify-center aspect-square w-8 h-8 rounded-full border-accent border [&#038;_svg]:transition [&#038;_svg]:duration-300 [&#038;_svg]:w-[40%] [&#038;_svg_path]:stroke-accent || sm:h-10 sm:w-10\">\n            <svg width=\"16\" height=\"6\" viewBox=\"0 0 16 6\" fill=\"none\" xmlns=\"http:\/\/www.w3.org\/2000\/svg\">\n<path fill-rule=\"evenodd\" clip-rule=\"evenodd\" d=\"M8.76698 5.72495C8.54966 5.9072 8.25366 5.99855 7.9583 6L7.95787 5.99965C7.6625 6.00111 7.36775 5.91268 7.15297 5.73255L7.02335 5.62385L0.5 0.147317L0.675289 0.121329C3.40269 -0.287391 6.97538 1.57121 7.97204 4.03879C9.00377 1.56086 12.6024 -0.332743 15.3242 0.0491088L15.5 0.0726601L8.89813 5.61496L8.76698 5.72495Z\" fill=\"#1E5B37\"\/>\n<\/svg>\n        <\/div>\n    <\/div>\n    <div class=\"js-accordion-answer || !block h-0 overflow-hidden\">\n                    <div class=\"wysiwyg-container || pb-8 opacity-100 max-w-[47.5rem] mx-0 || lg:pt-2 lg:pb-12\"><p>You&#8217;re passionate about the ecological transition and you want to put your skills to work to make a real impact?<\/p>\n<p>The Greater Montreal Climate Fund is always on the lookout for committed talent to strengthen its team and accelerate the decarbonization of our territory.<\/p>\n<p>If you think you can contribute to our mission, send us your CV and cover letter. We carefully consider all unsolicited applications!<\/p>\n<p><a class=\"btn-primary bg-primary text-accent\" href=\"https:\/\/fondsclimatmontreal.com\/contact\/#formulaire\" target=\"\"> <span class=\"inline-flex relative overflow-hidden\"> <span class=\"transition-transform duration-200 [.btn-primary:hover_&amp;]:-translate-y-full\">Apply<\/span> <span class=\"absolute bottom-0 left-0 translate-y-full transition-transform duration-200 [.btn-primary:hover_&amp;]:translate-y-0\">Apply<\/span> <\/span> <\/a><\/p>\n<\/div>\n            <\/div>\n<\/div>\n<div class=\"accordion || js-accordion-parent accordion-section || border-b border-dark\/20 first:border-t\">\n    <div class=\"js-accordion-trigger || group || relative flex flex-col py-6 cursor-pointer || sm:flex-row sm:items-center\">\n        <h3 class=\"text-h5 pr-16 group-hover:text-accent transition-colors duration-200 || sm:pr-20 max-md:text-[20px]\">Spontaneous application &#8211; internship<\/h3>\n        <div class=\"js-accordion-arrow || absolute right-0 top-1\/2 -translate-y-1\/2 flex items-center justify-center aspect-square w-8 h-8 rounded-full border-accent border [&#038;_svg]:transition [&#038;_svg]:duration-300 [&#038;_svg]:w-[40%] [&#038;_svg_path]:stroke-accent || sm:h-10 sm:w-10\">\n            <svg width=\"16\" height=\"6\" viewBox=\"0 0 16 6\" fill=\"none\" xmlns=\"http:\/\/www.w3.org\/2000\/svg\">\n<path fill-rule=\"evenodd\" clip-rule=\"evenodd\" d=\"M8.76698 5.72495C8.54966 5.9072 8.25366 5.99855 7.9583 6L7.95787 5.99965C7.6625 6.00111 7.36775 5.91268 7.15297 5.73255L7.02335 5.62385L0.5 0.147317L0.675289 0.121329C3.40269 -0.287391 6.97538 1.57121 7.97204 4.03879C9.00377 1.56086 12.6024 -0.332743 15.3242 0.0491088L15.5 0.0726601L8.89813 5.61496L8.76698 5.72495Z\" fill=\"#1E5B37\"\/>\n<\/svg>\n        <\/div>\n    <\/div>\n    <div class=\"js-accordion-answer || !block h-0 overflow-hidden\">\n                    <div class=\"wysiwyg-container || pb-8 opacity-100 max-w-[47.5rem] mx-0 || lg:pt-2 lg:pb-12\"><p>You are a student and would like to gain concrete experience related to the ecological transition?<\/p>\n<p>The Greater Montreal Climate Fund welcomes motivated interns who want to contribute to our projects and develop their skills in a committed environment.<\/p>\n<p>If you think your profile might be of interest to us, send us your CV and cover letter. We carefully consider all unsolicited applications!<\/p>\n<p><a class=\"btn-primary bg-primary text-accent\" href=\"https:\/\/fondsclimatmontreal.com\/contact\/#formulaire\" target=\"\"> <span class=\"inline-flex relative overflow-hidden\"> <span class=\"transition-transform duration-200 [.btn-primary:hover_&amp;]:-translate-y-full\">Apply<\/span> <span class=\"absolute bottom-0 left-0 translate-y-full transition-transform duration-200 [.btn-primary:hover_&amp;]:translate-y-0\">Apply<\/span> <\/span> <\/a><\/p>\n<\/div>\n            <\/div>\n<\/div>                <\/div>\n            <\/div>\n        <\/div>\n    <\/section>\n\n\n<section class=\"text-and-image || section\">\n    \n<span class=\"anchor || absolute top-0 left-0\"  id=\"infolettre\" ><\/span>\n    <div class=\"wrapper || items-center || lg:grid-col\">\n        <div class=\"content || lg:col-start-1 lg:col-span-6 lg:row-start-1\">\n                            <p class=\"subtitle primary || mb-6\">Newsletter<\/p>\n                            <h2 class=\"text-h2 || text-accent mb-6\">Subscribe to our newsletter to stay informed<\/h2>\n                        <span class=\"block rounded-md [&#038;_.parallax-container]:rounded-md [&#038;_.parallax-container]:overflow-hidden mb-6 || lg:hidden\">\n                <div class=\"parallax-container\">\n    <div class=\"parallax-content\">\n        <img width=\"1024\" height=\"683\" src=\"https:\/\/fondsclimatmontreal.com\/wp-content\/uploads\/2025\/02\/image-2.jpg\" class=\"parallax-image aspect-square w-full h-full rounded-md\" alt=\"Une personne se prom\u00e8ne dans un parc avec un v\u00e9lo \u00e0 proximit\u00e9. \u00c0 l&#039;arri\u00e8re-plan, on peut voir une grande structure en forme de d\u00f4me g\u00e9od\u00e9sique entour\u00e9e d&#039;arbres. Le ciel est clair et lumineux, ce qui sugg\u00e8re une journ\u00e9e ensoleill\u00e9e.\" loading=\"eager\" fetchpriority=\"high\" decoding=\"async\" sizes=\"100vw\" srcset=\"https:\/\/fondsclimatmontreal.com\/wp-content\/uploads\/2025\/02\/image-2-1920x1280.jpg 1920w, https:\/\/fondsclimatmontreal.com\/wp-content\/uploads\/2025\/02\/image-2-1024x683.jpg 1024w, https:\/\/fondsclimatmontreal.com\/wp-content\/uploads\/2025\/02\/image-2-640x427.jpg 640w\" \/>    <\/div>\n<\/div>            <\/span>\n                            <span class=\"block mt-8\">\n                    <script type=\"text\/javascript\">\n\/* <![CDATA[ *\/\nvar gform;gform||(document.addEventListener(\"gform_main_scripts_loaded\",function(){gform.scriptsLoaded=!0}),document.addEventListener(\"gform\/theme\/scripts_loaded\",function(){gform.themeScriptsLoaded=!0}),window.addEventListener(\"DOMContentLoaded\",function(){gform.domLoaded=!0}),gform={domLoaded:!1,scriptsLoaded:!1,themeScriptsLoaded:!1,isFormEditor:()=>\"function\"==typeof InitializeEditor,callIfLoaded:function(o){return!(!gform.domLoaded||!gform.scriptsLoaded||!gform.themeScriptsLoaded&&!gform.isFormEditor()||(gform.isFormEditor()&&console.warn(\"The use of gform.initializeOnLoaded() is deprecated in the form editor context and will be removed in Gravity Forms 3.1.\"),o(),0))},initializeOnLoaded:function(o){gform.callIfLoaded(o)||(document.addEventListener(\"gform_main_scripts_loaded\",()=>{gform.scriptsLoaded=!0,gform.callIfLoaded(o)}),document.addEventListener(\"gform\/theme\/scripts_loaded\",()=>{gform.themeScriptsLoaded=!0,gform.callIfLoaded(o)}),window.addEventListener(\"DOMContentLoaded\",()=>{gform.domLoaded=!0,gform.callIfLoaded(o)}))},hooks:{action:{},filter:{}},addAction:function(o,r,e,t){gform.addHook(\"action\",o,r,e,t)},addFilter:function(o,r,e,t){gform.addHook(\"filter\",o,r,e,t)},doAction:function(o){gform.doHook(\"action\",o,arguments)},applyFilters:function(o){return gform.doHook(\"filter\",o,arguments)},removeAction:function(o,r){gform.removeHook(\"action\",o,r)},removeFilter:function(o,r,e){gform.removeHook(\"filter\",o,r,e)},addHook:function(o,r,e,t,n){null==gform.hooks[o][r]&&(gform.hooks[o][r]=[]);var d=gform.hooks[o][r];null==n&&(n=r+\"_\"+d.length),gform.hooks[o][r].push({tag:n,callable:e,priority:t=null==t?10:t})},doHook:function(r,o,e){var t;if(e=Array.prototype.slice.call(e,1),null!=gform.hooks[r][o]&&((o=gform.hooks[r][o]).sort(function(o,r){return o.priority-r.priority}),o.forEach(function(o){\"function\"!=typeof(t=o.callable)&&(t=window[t]),\"action\"==r?t.apply(null,e):e[0]=t.apply(null,e)})),\"filter\"==r)return e[0]},removeHook:function(o,r,t,n){var e;null!=gform.hooks[o][r]&&(e=(e=gform.hooks[o][r]).filter(function(o,r,e){return!!(null!=n&&n!=o.tag||null!=t&&t!=o.priority)}),gform.hooks[o][r]=e)}});\n\/* ]]> *\/\n<\/script>\n\n                <div class='gf_browser_gecko gform_wrapper gravity-theme gform-theme--no-framework' data-form-theme='gravity-theme' data-form-index='0' id='gform_wrapper_1' >\n                        <div class='gform_heading'>\n\t\t\t\t\t\t\t<p class='gform_required_legend'>&quot;<span class=\"gfield_required gfield_required_asterisk\">*<\/span>&quot; indicates required fields<\/p>\n                        <\/div><form method='post' enctype='multipart\/form-data'  id='gform_1'  action='\/en\/wp-json\/wp\/v2\/pages\/935' data-formid='1' novalidate><div class='gf_invisible ginput_recaptchav3' data-sitekey='6Lc1susqAAAAAManVutTISfj0h3ePiB1EvcPBuvI' data-tabindex='0'><input id=\"input_9e4ac593f2b5cde8e633ad1c4ff5c880\" class=\"gfield_recaptcha_response\" type=\"hidden\" name=\"input_9e4ac593f2b5cde8e633ad1c4ff5c880\" value=\"\"\/><\/div>\n                        <div class='gform-body gform_body'><div id='gform_fields_1' class='gform_fields top_label form_sublabel_below description_below validation_below'><div id=\"field_1_2\" class=\"gfield gfield--type-honeypot gform_validation_container field_sublabel_below gfield--has-description field_description_below field_validation_below gfield_visibility_visible\"  ><label class='gfield_label gform-field-label' for='input_1_2'>LinkedIn<\/label><div class='ginput_container'><input name='input_2' id='input_1_2' type='text' value='' autocomplete='new-password'\/><\/div><div class='gfield_description' id='gfield_description_1_2'>This field is for validation purposes and should be left unchanged.<\/div><\/div><div id=\"field_1_1\" class=\"gfield gfield--type-email gfield_contains_required field_sublabel_below gfield--no-description field_description_below field_validation_below gfield_visibility_visible\"  ><label class='gfield_label gform-field-label' for='input_1_1'>Email address<span class=\"gfield_required\"><span class=\"gfield_required gfield_required_asterisk\">*<\/span><\/span><\/label><div class='ginput_container ginput_container_email'>\n                            <input name='input_1' id='input_1_1' type='email' value='' class='large'   placeholder='address@email.com' aria-required=\"true\" aria-invalid=\"false\"  \/>\n                        <\/div><\/div><\/div><\/div>\n        <div class='gform-footer gform_footer top_label'> \n    <button id=\"gform_submit_button_1\" type=\"submit\" onclick=\"gform.submission.handleButtonClick(this);\" class=\"btn-primary || bg-primary text-accent !m-0 w-fit [.multi-form_.gform-page-footer_&#038;]:order-1\">\n        <span class=\"inline-flex relative overflow-hidden\">\n            <span class=\"transition-transform duration-200 [.btn-primary:hover_&#038;]:-translate-y-full\">Subscribe<\/span>\n            <span class=\"absolute bottom-0 left-0 translate-y-full transition-transform duration-200 [.btn-primary:hover_&#038;]:translate-y-0\">Subscribe<\/span>\n        <\/span>\n    <\/button>\n     \n            <input type='hidden' class='gform_hidden' name='gform_submission_method' data-js='gform_submission_method_1' value='postback' \/>\n            <input type='hidden' class='gform_hidden' name='gform_theme' data-js='gform_theme_1' id='gform_theme_1' value='gravity-theme' \/>\n            <input type='hidden' class='gform_hidden' name='gform_style_settings' data-js='gform_style_settings_1' id='gform_style_settings_1' value='' \/>\n            <input type='hidden' class='gform_hidden' name='is_submit_1' value='1' \/>\n            <input type='hidden' class='gform_hidden' name='gform_submit' value='1' \/>\n            \n            <input type='hidden' class='gform_hidden' name='gform_currency' data-currency='CAD' value='aTVDa4nIN9vU9ul5STSk3jSGzEzrza8Wvh\/uE7aHQ\/20gW77JfVMdnigRCLhYDVDiLJ4\/DMLhWb15wr4JekjqJ9rCpqCGeZD0o6Vu+StCYf4aIw=' \/>\n            <input type='hidden' class='gform_hidden' name='gform_unique_id' value='' \/>\n            <input type='hidden' class='gform_hidden' name='state_1' value='WyJbXSIsImUxMDk1ZWQzYmY2M2U1MTM3ODhkMGI2YzA0NDkyZWJiIl0=' \/>\n            <input type='hidden' autocomplete='off' class='gform_hidden' name='gform_target_page_number_1' id='gform_target_page_number_1' value='0' \/>\n            <input type='hidden' autocomplete='off' class='gform_hidden' name='gform_source_page_number_1' id='gform_source_page_number_1' value='1' \/>\n            <input type='hidden' name='gform_field_values' value='' \/>\n            \n        <\/div>\n                        <\/form>\n                        <\/div><script type=\"text\/javascript\">\n\/* <![CDATA[ *\/\n gform.initializeOnLoaded( function() {gformInitSpinner( 1, 'https:\/\/fondsclimatmontreal.com\/wp-content\/plugins\/gravityforms\/images\/spinner.svg', true );jQuery('#gform_ajax_frame_1').on('load',function(){var contents = jQuery(this).contents().find('*').html();var is_postback = contents.indexOf('GF_AJAX_POSTBACK') >= 0;if(!is_postback){return;}var form_content = jQuery(this).contents().find('#gform_wrapper_1');var is_confirmation = jQuery(this).contents().find('#gform_confirmation_wrapper_1').length > 0;var is_redirect = contents.indexOf('gformRedirect(){') >= 0;var is_form = form_content.length > 0 && ! is_redirect && ! is_confirmation;var mt = parseInt(jQuery('html').css('margin-top'), 10) + parseInt(jQuery('body').css('margin-top'), 10) + 100;if(is_form){jQuery('#gform_wrapper_1').html(form_content.html());if(form_content.hasClass('gform_validation_error')){jQuery('#gform_wrapper_1').addClass('gform_validation_error');} else {jQuery('#gform_wrapper_1').removeClass('gform_validation_error');}setTimeout( function() { \/* delay the scroll by 50 milliseconds to fix a bug in chrome *\/  }, 50 );if(window['gformInitDatepicker']) {gformInitDatepicker();}if(window['gformInitPriceFields']) {gformInitPriceFields();}var current_page = jQuery('#gform_source_page_number_1').val();gformInitSpinner( 1, 'https:\/\/fondsclimatmontreal.com\/wp-content\/plugins\/gravityforms\/images\/spinner.svg', true );jQuery(document).trigger('gform_page_loaded', [1, current_page]);window['gf_submitting_1'] = false;}else if(!is_redirect){var confirmation_content = jQuery(this).contents().find('.GF_AJAX_POSTBACK').html();if(!confirmation_content){confirmation_content = contents;}jQuery('#gform_wrapper_1').replaceWith(confirmation_content);jQuery(document).trigger('gform_confirmation_loaded', [1]);window['gf_submitting_1'] = false;wp.a11y.speak(jQuery('#gform_confirmation_message_1').text());}else{jQuery('#gform_1').append(contents);if(window['gformRedirect']) {gformRedirect();}}jQuery(document).trigger(\"gform_pre_post_render\", [{ formId: \"1\", currentPage: \"current_page\", abort: function() { this.preventDefault(); } }]);        if (event && event.defaultPrevented) {                return;        }        const gformWrapperDiv = document.getElementById( \"gform_wrapper_1\" );        if ( gformWrapperDiv ) {            const visibilitySpan = document.createElement( \"span\" );            visibilitySpan.id = \"gform_visibility_test_1\";            gformWrapperDiv.insertAdjacentElement( \"afterend\", visibilitySpan );        }        const visibilityTestDiv = document.getElementById( \"gform_visibility_test_1\" );        let postRenderFired = false;        function triggerPostRender() {            if ( postRenderFired ) {                return;            }            postRenderFired = true;            gform.core.triggerPostRenderEvents( 1, current_page );            if ( visibilityTestDiv ) {                visibilityTestDiv.parentNode.removeChild( visibilityTestDiv );            }        }        function debounce( func, wait, immediate ) {            var timeout;            return function() {                var context = this, args = arguments;                var later = function() {                    timeout = null;                    if ( !immediate ) func.apply( context, args );                };                var callNow = immediate && !timeout;                clearTimeout( timeout );                timeout = setTimeout( later, wait );                if ( callNow ) func.apply( context, args );            };        }        const debouncedTriggerPostRender = debounce( function() {            triggerPostRender();        }, 200 );        if ( visibilityTestDiv && visibilityTestDiv.offsetParent === null ) {            const observer = new MutationObserver( ( mutations ) => {                mutations.forEach( ( mutation ) => {                    if ( mutation.type === 'attributes' && visibilityTestDiv.offsetParent !== null ) {                        debouncedTriggerPostRender();                        observer.disconnect();                    }                });            });            observer.observe( document.body, {                attributes: true,                childList: false,                subtree: true,                attributeFilter: [ 'style', 'class' ],            });        } else {            triggerPostRender();        }    } );} ); \n\/* ]]> *\/\n<\/script>\n                <\/span>\n                    <\/div>\n        <div class=\"lg:col-start-8 mt-8 hidden || lg:block lg:mt-0 lg:col-span-5 lg:row-start-1\">\n            <span class=\"flex flex-col gap-3 rounded-md [&#038;_.parallax-container]:rounded-md [&#038;_.parallax-container]:overflow-hidden\">\n                <div class=\"parallax-container\">\n    <div class=\"parallax-content\">\n        <img width=\"1024\" height=\"683\" src=\"https:\/\/fondsclimatmontreal.com\/wp-content\/uploads\/2025\/02\/image-2.jpg\" class=\"parallax-image aspect-square w-full h-full rounded-md\" alt=\"Une personne se prom\u00e8ne dans un parc avec un v\u00e9lo \u00e0 proximit\u00e9. \u00c0 l&#039;arri\u00e8re-plan, on peut voir une grande structure en forme de d\u00f4me g\u00e9od\u00e9sique entour\u00e9e d&#039;arbres. Le ciel est clair et lumineux, ce qui sugg\u00e8re une journ\u00e9e ensoleill\u00e9e.\" loading=\"eager\" fetchpriority=\"high\" decoding=\"async\" sizes=\"100vw\" srcset=\"https:\/\/fondsclimatmontreal.com\/wp-content\/uploads\/2025\/02\/image-2-1920x1280.jpg 1920w, https:\/\/fondsclimatmontreal.com\/wp-content\/uploads\/2025\/02\/image-2-1024x683.jpg 1024w, https:\/\/fondsclimatmontreal.com\/wp-content\/uploads\/2025\/02\/image-2-640x427.jpg 640w\" \/>    <\/div>\n<\/div>                                    <p class=\"subtitle || text-accent\">Test<\/p>\n                            <\/span>\n        <\/div>\n    <\/div>\n<\/section>\n","protected":false},"excerpt":{"rendered":"","protected":false},"author":1,"featured_media":605,"parent":0,"menu_order":0,"comment_status":"closed","ping_status":"closed","template":"","meta":{"_acf_changed":true,"footnotes":""},"class_list":["post-935","page","type-page","status-publish","has-post-thumbnail","hentry"],"acf":[],"_links":{"self":[{"href":"https:\/\/fondsclimatmontreal.com\/en\/wp-json\/wp\/v2\/pages\/935","targetHints":{"allow":["GET"]}}],"collection":[{"href":"https:\/\/fondsclimatmontreal.com\/en\/wp-json\/wp\/v2\/pages"}],"about":[{"href":"https:\/\/fondsclimatmontreal.com\/en\/wp-json\/wp\/v2\/types\/page"}],"author":[{"embeddable":true,"href":"https:\/\/fondsclimatmontreal.com\/en\/wp-json\/wp\/v2\/users\/1"}],"replies":[{"embeddable":true,"href":"https:\/\/fondsclimatmontreal.com\/en\/wp-json\/wp\/v2\/comments?post=935"}],"version-history":[{"count":0,"href":"https:\/\/fondsclimatmontreal.com\/en\/wp-json\/wp\/v2\/pages\/935\/revisions"}],"wp:featuredmedia":[{"embeddable":true,"href":"https:\/\/fondsclimatmontreal.com\/en\/wp-json\/wp\/v2\/media\/605"}],"wp:attachment":[{"href":"https:\/\/fondsclimatmontreal.com\/en\/wp-json\/wp\/v2\/media?parent=935"}],"curies":[{"name":"wp","href":"https:\/\/api.w.org\/{rel}","templated":true}]}}